{"id":230339,"date":"2024-02-19T11:09:16","date_gmt":"2024-02-19T11:09:16","guid":{"rendered":"https:\/\/nueva.lubaq.com\/aviso-legal\/"},"modified":"2024-05-14T10:28:16","modified_gmt":"2024-05-14T10:28:16","slug":"aviso-legal","status":"publish","type":"page","link":"https:\/\/lubaq.com\/es\/aviso-legal\/","title":{"rendered":"Aviso Legal"},"content":{"rendered":"<h2>Aviso Legal<\/h2>\n<p>Agradecemos su visita a nuestra p\u00e1gina WEB https:\/\/lubaq.com (en adelante \u00abWEB\u00bb). Nuestra mayor preocupaci\u00f3n es asegurar la exactitud y trabajamos continuamente en la actualizaci\u00f3n de las informaciones difundidas en nuestra web, reserv\u00e1ndonos en todo momento y sin previo aviso el derecho de corregir o modificar su contenido.  En consecuencia, <span style=\"text-transform: uppercase;\">lubaq.com <\/span> no responder\u00e1 en ning\u00fan caso de:<\/p>\n<ul>\n<li>Cualquier da\u00f1o resultante de una intrusi\u00f3n fraudulenta de un tercero que haya causado una modificaci\u00f3n en las informaciones puestas a disposici\u00f3n en la web.<\/li>\n<li>En general, de cualesquiera da\u00f1os directos o indirectos, cualquiera que sea la causa, origen, naturaleza o consecuencia, provocados:\n<ul>\n<li>con ocasi\u00f3n del acceso por cualquier persona a la web<\/li>\n<li>derivados de la imposibilidad de acceso<\/li>\n<li>por la utilizaci\u00f3n de la web y\/o por la credibilidad otorgada a cualquier informaci\u00f3n proveniente<br \/>\ndirecta o indirectamente de la web<\/li>\n<li>por cualquier hecho calificado de fuerza mayor o caso fortuito<\/li>\n<\/ul>\n<\/li>\n<\/ul>\n<p>Las presentes condiciones de venta regulan \u00fanicamente las ventas de productos ofertados en la web. Toda persona que vaya a realizar su pedido a trav\u00e9s de la WEB puede acceder a las presentes condiciones generales de venta.<\/p>\n<p>Por consiguiente, el hecho de hacer un pedido conlleva de pleno derecho la adhesi\u00f3n del comprador a las presentes condiciones de venta.<\/p>\n<h2>EDITOR DE LA WEB<\/h2>\n<p><span style=\"text-transform: uppercase;\">lubaq.com <\/span> S.L. Sede social:C. Faraday, n\u00b07, Fuencarral-El Pardo, 28049 Madrid Inscrita en el Registro Mercantil deMadrid: Tomo 37740, Folio 170, Secci\u00f3n 8, Hoja 672312, Inscripci\u00f3n I\/A 1 <span style=\"text-transform: uppercase;\">CIF<\/span>: B88111257.<\/p>\n<h2>LEY DE PROTECCI\u00d3N DE DATOS<\/h2>\n<p>De conformidad con la Ley Org\u00e1nica de Protecci\u00f3n de Datos y su Reglamento de Desarrollo, le informamos de que los datos personales que nos facilite ser\u00e1n incorporados a un fichero responsabilidad de Lubaq Corporate S.L., con domicilio en C. Faraday, n\u00b07, Fuencarral-El Pardo, 28049 Madrid, autoriz\u00e1ndonos Ud. su tratamiento, incluso v\u00eda telef\u00f3nica, SMS o correo electr\u00f3nico, con la finalidad de gestionar y mantener la relaci\u00f3n comercial con usted, as\u00ed como mantenerle informado sobre otros productos y servicios propios o de terceros, pertenecientes a los sectores del gran consumo, la belleza y la cosm\u00e9tica.<\/p>\n<p>Usted podr\u00e1 ejercer sus derechos de acceso, rectificaci\u00f3n, cancelaci\u00f3n y oposici\u00f3n a trav\u00e9s de correo ordinario, dirigido al siguiente domicilio: [ S.L. Sede social:C. Faraday, n\u00b07, Fuencarral-El Pardo, 28049 Madrid ], adjuntando copia de su DNI o documento equivalente, y concretando su solicitud, o bien mediante correo electr\u00f3nico a la direcci\u00f3n siguiente: info@lubaq.com<\/p>\n<h2>PROPIEDAD INTELECTUAL E INDUSTRIAL<\/h2>\n<p>Seg\u00fan la legislaci\u00f3n vigente en materia de propiedad intelectual e industrial, la presente web y cualquier elemento, marca, dibujo, modelo, logo, gr\u00e1fico, etc. que se encuentran en dicha web son propiedad exclusiva de <span style=\"text-transform: uppercase;\">lubaq.com <\/span> o de sus colaboradores, que no conceden ninguna otra licencia o derecho que la de consultar la WEB. La reproducci\u00f3n o utilizaci\u00f3n del conjunto o de una parte de estos elementos autoriza \u00fanicamente a ser informado de manera personal y privada. Cualquier reproducci\u00f3n o utilizaci\u00f3n de copias realizadas con otros fines queda expresamente prohibida. Cualquier uso indebido constituye un fraude y podr\u00e1 ser perseguido de conformidad con la legislaci\u00f3n vigente, salvo en los casos de autorizaci\u00f3n previa y por escrito por parte de <span style=\"text-transform: uppercase;\">lubaq.com <\/span>.<\/p>\n","protected":false},"excerpt":{"rendered":"<p>Aviso Legal Agradecemos su visita a nuestra p\u00e1gina WEB https:\/\/lubaq.com (en adelante \u00abWEB\u00bb). Nuestra mayor preocupaci\u00f3n es asegurar la exactitud y trabajamos continuamente en la actualizaci\u00f3n de las informaciones difundidas en nuestra web, reserv\u00e1ndonos en todo momento y sin previo aviso el derecho de corregir o modificar su contenido. En consecuencia, lubaq.com no responder\u00e1 en [&hellip;]<\/p>\n","protected":false},"author":2,"featured_media":0,"parent":0,"menu_order":0,"comment_status":"closed","ping_status":"closed","template":"","meta":{"_et_pb_use_builder":"","_et_pb_old_content":"","_et_gb_content_width":"","footnotes":""},"class_list":["post-230339","page","type-page","status-publish","hentry"],"yoast_head":"<!-- This site is optimized with the Yoast SEO plugin v24.3 - https:\/\/yoast.com\/wordpress\/plugins\/seo\/ -->\n<title>Aviso Legal - LUBAQ GLP LAB \u2502 QC \u2502 QUIRAL<\/title>\n<meta name=\"description\" content=\"Discover Lubaq\u2019s mastery in Chromatographic Techniques for Impurity Isolation. Our Madrid lab\u2019s advanced chromatography ensures unparalleled precision and quality.\" \/>\n<meta name=\"robots\" content=\"index, follow, max-snippet:-1, max-image-preview:large, max-video-preview:-1\" \/>\n<link rel=\"canonical\" href=\"https:\/\/lubaq.com\/legal-notice\/\" \/>\n<meta property=\"og:locale\" content=\"es_ES\" \/>\n<meta property=\"og:type\" content=\"article\" \/>\n<meta property=\"og:title\" content=\"Aviso Legal - LUBAQ GLP LAB \u2502 QC \u2502 QUIRAL\" \/>\n<meta property=\"og:description\" content=\"Discover Lubaq\u2019s mastery in Chromatographic Techniques for Impurity Isolation. Our Madrid lab\u2019s advanced chromatography ensures unparalleled precision and quality.\" \/>\n<meta property=\"og:url\" content=\"https:\/\/lubaq.com\/legal-notice\/\" \/>\n<meta property=\"og:site_name\" content=\"LUBAQ GLP LAB \u2502 QC \u2502 QUIRAL\" \/>\n<meta property=\"article:modified_time\" content=\"2024-05-14T10:28:16+00:00\" \/>\n<meta name=\"twitter:card\" content=\"summary_large_image\" \/>\n<meta name=\"twitter:label1\" content=\"Tiempo de lectura\" \/>\n\t<meta name=\"twitter:data1\" content=\"3 minutos\" \/>\n<script type=\"application\/ld+json\" class=\"yoast-schema-graph\">{\"@context\":\"https:\/\/schema.org\",\"@graph\":[{\"@type\":\"WebPage\",\"@id\":\"https:\/\/lubaq.com\/legal-notice\/\",\"url\":\"https:\/\/lubaq.com\/legal-notice\/\",\"name\":\"Aviso Legal - LUBAQ GLP LAB \u2502 QC \u2502 QUIRAL\",\"isPartOf\":{\"@id\":\"https:\/\/lubaq.com\/#website\"},\"datePublished\":\"2024-02-19T11:09:16+00:00\",\"dateModified\":\"2024-05-14T10:28:16+00:00\",\"description\":\"Discover Lubaq\u2019s mastery in Chromatographic Techniques for Impurity Isolation. Our Madrid lab\u2019s advanced chromatography ensures unparalleled precision and quality.\",\"breadcrumb\":{\"@id\":\"https:\/\/lubaq.com\/legal-notice\/#breadcrumb\"},\"inLanguage\":\"es\",\"potentialAction\":[{\"@type\":\"ReadAction\",\"target\":[\"https:\/\/lubaq.com\/legal-notice\/\"]}]},{\"@type\":\"BreadcrumbList\",\"@id\":\"https:\/\/lubaq.com\/legal-notice\/#breadcrumb\",\"itemListElement\":[{\"@type\":\"ListItem\",\"position\":1,\"name\":\"Home\",\"item\":\"https:\/\/lubaq.com\/es\/\"},{\"@type\":\"ListItem\",\"position\":2,\"name\":\"Aviso Legal\"}]},{\"@type\":\"WebSite\",\"@id\":\"https:\/\/lubaq.com\/#website\",\"url\":\"https:\/\/lubaq.com\/\",\"name\":\"LUBAQ GLP LAB \u2502 QC \u2502 QUIRAL\",\"description\":\"Analytical lab with GLP certification\",\"potentialAction\":[{\"@type\":\"SearchAction\",\"target\":{\"@type\":\"EntryPoint\",\"urlTemplate\":\"https:\/\/lubaq.com\/?s={search_term_string}\"},\"query-input\":{\"@type\":\"PropertyValueSpecification\",\"valueRequired\":true,\"valueName\":\"search_term_string\"}}],\"inLanguage\":\"es\"}]}<\/script>\n<!-- \/ Yoast SEO plugin. -->","yoast_head_json":{"title":"Aviso Legal - LUBAQ GLP LAB \u2502 QC \u2502 QUIRAL","description":"Discover Lubaq\u2019s mastery in Chromatographic Techniques for Impurity Isolation. Our Madrid lab\u2019s advanced chromatography ensures unparalleled precision and quality.","robots":{"index":"index","follow":"follow","max-snippet":"max-snippet:-1","max-image-preview":"max-image-preview:large","max-video-preview":"max-video-preview:-1"},"canonical":"https:\/\/lubaq.com\/legal-notice\/","og_locale":"es_ES","og_type":"article","og_title":"Aviso Legal - LUBAQ GLP LAB \u2502 QC \u2502 QUIRAL","og_description":"Discover Lubaq\u2019s mastery in Chromatographic Techniques for Impurity Isolation. Our Madrid lab\u2019s advanced chromatography ensures unparalleled precision and quality.","og_url":"https:\/\/lubaq.com\/legal-notice\/","og_site_name":"LUBAQ GLP LAB \u2502 QC \u2502 QUIRAL","article_modified_time":"2024-05-14T10:28:16+00:00","twitter_card":"summary_large_image","twitter_misc":{"Tiempo de lectura":"3 minutos"},"schema":{"@context":"https:\/\/schema.org","@graph":[{"@type":"WebPage","@id":"https:\/\/lubaq.com\/legal-notice\/","url":"https:\/\/lubaq.com\/legal-notice\/","name":"Aviso Legal - LUBAQ GLP LAB \u2502 QC \u2502 QUIRAL","isPartOf":{"@id":"https:\/\/lubaq.com\/#website"},"datePublished":"2024-02-19T11:09:16+00:00","dateModified":"2024-05-14T10:28:16+00:00","description":"Discover Lubaq\u2019s mastery in Chromatographic Techniques for Impurity Isolation. Our Madrid lab\u2019s advanced chromatography ensures unparalleled precision and quality.","breadcrumb":{"@id":"https:\/\/lubaq.com\/legal-notice\/#breadcrumb"},"inLanguage":"es","potentialAction":[{"@type":"ReadAction","target":["https:\/\/lubaq.com\/legal-notice\/"]}]},{"@type":"BreadcrumbList","@id":"https:\/\/lubaq.com\/legal-notice\/#breadcrumb","itemListElement":[{"@type":"ListItem","position":1,"name":"Home","item":"https:\/\/lubaq.com\/es\/"},{"@type":"ListItem","position":2,"name":"Aviso Legal"}]},{"@type":"WebSite","@id":"https:\/\/lubaq.com\/#website","url":"https:\/\/lubaq.com\/","name":"LUBAQ GLP LAB \u2502 QC \u2502 QUIRAL","description":"Analytical lab with GLP certification","potentialAction":[{"@type":"SearchAction","target":{"@type":"EntryPoint","urlTemplate":"https:\/\/lubaq.com\/?s={search_term_string}"},"query-input":{"@type":"PropertyValueSpecification","valueRequired":true,"valueName":"search_term_string"}}],"inLanguage":"es"}]}},"_links":{"self":[{"href":"https:\/\/lubaq.com\/es\/wp-json\/wp\/v2\/pages\/230339","targetHints":{"allow":["GET"]}}],"collection":[{"href":"https:\/\/lubaq.com\/es\/wp-json\/wp\/v2\/pages"}],"about":[{"href":"https:\/\/lubaq.com\/es\/wp-json\/wp\/v2\/types\/page"}],"author":[{"embeddable":true,"href":"https:\/\/lubaq.com\/es\/wp-json\/wp\/v2\/users\/2"}],"replies":[{"embeddable":true,"href":"https:\/\/lubaq.com\/es\/wp-json\/wp\/v2\/comments?post=230339"}],"version-history":[{"count":1,"href":"https:\/\/lubaq.com\/es\/wp-json\/wp\/v2\/pages\/230339\/revisions"}],"predecessor-version":[{"id":230365,"href":"https:\/\/lubaq.com\/es\/wp-json\/wp\/v2\/pages\/230339\/revisions\/230365"}],"wp:attachment":[{"href":"https:\/\/lubaq.com\/es\/wp-json\/wp\/v2\/media?parent=230339"}],"curies":[{"name":"wp","href":"https:\/\/api.w.org\/{rel}","templated":true}]}}