{"id":230362,"date":"2018-09-13T12:52:29","date_gmt":"2018-09-13T10:52:29","guid":{"rendered":"https:\/\/nueva.lubaq.com\/tecnologias\/"},"modified":"2025-09-15T14:30:16","modified_gmt":"2025-09-15T12:30:16","slug":"tecnologias","status":"publish","type":"page","link":"https:\/\/lubaq.com\/es\/tecnologias\/","title":{"rendered":"Tecnolog\u00edas"},"content":{"rendered":"<p>[et_pb_section fb_built=\u00bb1&#8243; admin_label=\u00bbHero\u00bb _builder_version=\u00bb4.25.1&#8243; use_background_color_gradient=\u00bbon\u00bb background_color_gradient_direction=\u00bb70deg\u00bb background_color_gradient_stops=\u00bbrgba(255,154,36,0.75) 0%|rgba(255,154,36,0.2) 100%\u00bb background_color_gradient_overlays_image=\u00bbon\u00bb background_color_gradient_start=\u00bb#283d4b\u00bb background_color_gradient_end=\u00bbrgba(128,103,79,0.5)\u00bb background_image=\u00bbhttps:\/\/lubaq.com\/wp-content\/uploads\/2024\/05\/43901-e1715327156407.jpg\u00bb custom_margin=\u00bb||||false|false\u00bb custom_padding=\u00bb8vw||8vw||true|false\u00bb bottom_divider_height=\u00bb20vw\u00bb bottom_divider_repeat=\u00bb0.5x\u00bb bottom_divider_flip=\u00bbhorizontal|vertical\u00bb border_radii=\u00bboff|||45%|\u00bb global_colors_info=\u00bb{}\u00bb][et_pb_row _builder_version=\u00bb4.16&#8243; custom_margin=\u00bb|||\u00bb custom_padding=\u00bb27px|0px|0|0px|false|false\u00bb global_colors_info=\u00bb{}\u00bb][et_pb_column type=\u00bb4_4&#8243; _builder_version=\u00bb4.16&#8243; custom_padding=\u00bb|||\u00bb global_colors_info=\u00bb{}\u00bb custom_padding__hover=\u00bb|||\u00bb][et_pb_text _builder_version=\u00bb4.16&#8243; text_font=\u00bb||||||||\u00bb header_font=\u00bbJosefin Sans|700|||||||\u00bb header_font_size=\u00bb90px\u00bb header_line_height=\u00bb1.4em\u00bb header_2_font=\u00bbJosefin Sans||||||||\u00bb header_2_text_color=\u00bbrgba(255,255,255,0.6)\u00bb header_2_font_size=\u00bb32px\u00bb header_2_line_height=\u00bb1.4em\u00bb background_layout=\u00bbdark\u00bb animation_style=\u00bbslide\u00bb animation_direction=\u00bbright\u00bb animation_intensity_slide=\u00bb4%\u00bb header_font_size_tablet=\u00bb50px\u00bb header_font_size_phone=\u00bb32px\u00bb header_font_size_last_edited=\u00bbon|desktop\u00bb header_2_font_size_tablet=\u00bb\u00bb header_2_font_size_phone=\u00bb24px\u00bb header_2_font_size_last_edited=\u00bbon|phone\u00bb global_colors_info=\u00bb{}\u00bb]<\/p>\n<h1 data-fontsize=\"90\" data-lineheight=\"126\">Tecnolog\u00edas<\/h1>\n<h2 data-fontsize=\"32\" data-lineheight=\"44\">Lubaq Corporate<\/h2>\n<p>[\/et_pb_text][\/et_pb_column][\/et_pb_row][\/et_pb_section][et_pb_section fb_built=\u00bb1&#8243; _builder_version=\u00bb4.18.0&#8243; background_enable_color=\u00bboff\u00bb custom_padding=\u00bb100px||80px||false|false\u00bb global_colors_info=\u00bb{}\u00bb][et_pb_row column_structure=\u00bb1_2,1_2&#8243; use_custom_gutter=\u00bbon\u00bb gutter_width=\u00bb2&#8243; make_equal=\u00bbon\u00bb _builder_version=\u00bb4.18.0&#8243; width=\u00bb90%\u00bb width_tablet=\u00bb90%\u00bb width_phone=\u00bb90%\u00bb width_last_edited=\u00bbon|tablet\u00bb max_width_tablet=\u00bb90%\u00bb max_width_phone=\u00bb90%\u00bb max_width_last_edited=\u00bboff|desktop\u00bb custom_padding=\u00bb0px||0px||true|\u00bb global_colors_info=\u00bb{}\u00bb][et_pb_column type=\u00bb1_2&#8243; _builder_version=\u00bb4.18.0&#8243; animation_direction=\u00bbleft\u00bb global_colors_info=\u00bb{}\u00bb][et_pb_image src=\u00bbhttps:\/\/lubaq.com\/wp-content\/uploads\/2024\/05\/fondo_naranja.jpg\u00bb title_text=\u00bbfondo_naranja\u00bb _builder_version=\u00bb4.25.1&#8243; _module_preset=\u00bbdefault\u00bb background_enable_color=\u00bboff\u00bb max_width=\u00bb435px\u00bb module_alignment=\u00bbleft\u00bb custom_margin=\u00bb90px||||false|false\u00bb global_colors_info=\u00bb{%22gcid-567d9b5b-f3ff-4d81-83f1-3d8f5dedc55d%22:%91%22background_color%22%93}\u00bb][\/et_pb_image][et_pb_image src=\u00bbhttps:\/\/lubaq.com\/wp-content\/uploads\/2024\/05\/TQ-8050-AOC-6000.jpg\u00bb title_text=\u00bbTQ-8050-AOC-6000&#8243; _builder_version=\u00bb4.25.1&#8243; _module_preset=\u00bbdefault\u00bb positioning=\u00bbabsolute\u00bb position_origin_a=\u00bbtop_right\u00bb width=\u00bb100%\u00bb max_width=\u00bb450px\u00bb max_width_tablet=\u00bb450px\u00bb max_width_phone=\u00bb301px\u00bb max_width_last_edited=\u00bbon|tablet\u00bb max_height=\u00bb500px\u00bb global_colors_info=\u00bb{}\u00bb][\/et_pb_image][\/et_pb_column][et_pb_column type=\u00bb1_2&#8243; _builder_version=\u00bb4.18.0&#8243; custom_padding=\u00bb|||35px|false|false\u00bb custom_padding_tablet=\u00bb40px|||0px|false|false\u00bb custom_padding_phone=\u00bb40px|||0px|false|false\u00bb custom_padding_last_edited=\u00bbon|phone\u00bb animation_direction=\u00bbleft\u00bb global_colors_info=\u00bb{}\u00bb][et_pb_text _builder_version=\u00bb4.27.4&#8243; text_font=\u00bbPoppins|600|||||||\u00bb text_text_color=\u00bb#a8a8a8&#8243; text_font_size=\u00bb13px\u00bb text_letter_spacing=\u00bb1px\u00bb text_line_height=\u00bb1em\u00bb hover_enabled=\u00bb0&#8243; global_colors_info=\u00bb{}\u00bb sticky_enabled=\u00bb0&#8243;][\/et_pb_text][et_pb_text _builder_version=\u00bb4.25.1&#8243; header_3_font=\u00bbRubik|700|||||||\u00bb header_3_text_align=\u00bbleft\u00bb header_3_text_color=\u00bbgcid-23a72a22-8b51-4497-b996-a69529e9962d\u00bb header_3_font_size=\u00bb40px\u00bb custom_margin_tablet=\u00bb-10px||||false|false\u00bb custom_margin_phone=\u00bb-10px||||false|false\u00bb custom_margin_last_edited=\u00bbon|phone\u00bb header_3_font_size_tablet=\u00bb\u00bb header_3_font_size_phone=\u00bb30px\u00bb header_3_font_size_last_edited=\u00bbon|phone\u00bb global_colors_info=\u00bb{%22gcid-23a72a22-8b51-4497-b996-a69529e9962d%22:%91%22header_3_text_color%22%93}\u00bb]<\/p>\n<h3>Tecnolog\u00edas<\/h3>\n<p>[\/et_pb_text][et_pb_text disabled_on=\u00bbon|on|on\u00bb _builder_version=\u00bb4.18.0&#8243; text_font=\u00bbOld Standard TT||on||||||\u00bb text_text_color=\u00bb#000000&#8243; text_font_size=\u00bb20px\u00bb text_line_height=\u00bb1.6em\u00bb custom_margin=\u00bb-5px||||false|false\u00bb custom_margin_tablet=\u00bb-15px||||false|false\u00bb custom_margin_phone=\u00bb-15px||||false|false\u00bb custom_margin_last_edited=\u00bbon|phone\u00bb disabled=\u00bbon\u00bb global_colors_info=\u00bb{}\u00bb]<\/p>\n<p>Lorem insum dolor amet consec tetur adiriscin elit temsor masna alirua enim nostrud.<\/p>\n<p>[\/et_pb_text][et_pb_text _builder_version=\u00bb4.27.4&#8243; text_font=\u00bbRubik||||||||\u00bb text_text_color=\u00bb#828282&#8243; text_font_size=\u00bb15px\u00bb text_line_height=\u00bb1.8em\u00bb custom_margin=\u00bb20px||||false|false\u00bb custom_margin_tablet=\u00bb-10px||||false|false\u00bb custom_margin_phone=\u00bb-10px||||false|false\u00bb custom_margin_last_edited=\u00bbon|phone\u00bb global_colors_info=\u00bb{}\u00bb]<\/p>\n<p>Lubaq utiliza cromatograf\u00eda preparativa para brindarle suficiente material de impureza para obtener una estructura definitiva. Si es necesario, podemos proporcionar, adem\u00e1s de las impurezas aisladas, su caracterizaci\u00f3n qu\u00edmica utilizando tecnolog\u00edas de vanguardia (HRMS, NMR). Esto mejora su capacidad para comprender la formaci\u00f3n y determinar el origen de la impureza.<\/p>\n<p>Nuestra amplia experiencia en el desarrollo de m\u00e9todos anal\u00edticos y la calificaci\u00f3n de m\u00e9todos nos hace especialmente adecuados para compuestos y proyectos dif\u00edciles.<\/p>\n<p>[\/et_pb_text][et_pb_blurb title=\u00bbHesciunt nerue dolor emtu\u00bb image=\u00bbhttps:\/\/lubaq.com\/wp-content\/uploads\/2024\/05\/new-section-1-9.png\u00bb icon_placement=\u00bbleft\u00bb image_icon_width=\u00bb21px\u00bb content_max_width=\u00bb100%\u00bb disabled_on=\u00bbon|on|on\u00bb _builder_version=\u00bb4.18.0&#8243; header_font=\u00bbPoppins||||||||\u00bb header_text_align=\u00bbleft\u00bb header_text_color=\u00bb#716e6b\u00bb header_font_size=\u00bb15px\u00bb header_line_height=\u00bb1.4em\u00bb custom_margin=\u00bb35px|||-5px|false|false\u00bb animation=\u00bboff\u00bb custom_css_blurb_title=\u00bbmargin-left: -6px\u00bb image_max_width=\u00bb21px\u00bb disabled=\u00bbon\u00bb global_colors_info=\u00bb{}\u00bb][\/et_pb_blurb][et_pb_blurb title=\u00bbConsectetur adinisci temsora incidunt\u00bb image=\u00bbhttps:\/\/lubaq.com\/wp-content\/uploads\/2024\/05\/new-section-1-9.png\u00bb icon_placement=\u00bbleft\u00bb image_icon_width=\u00bb21px\u00bb content_max_width=\u00bb100%\u00bb disabled_on=\u00bbon|on|on\u00bb _builder_version=\u00bb4.18.0&#8243; header_font=\u00bbPoppins||||||||\u00bb header_text_align=\u00bbleft\u00bb header_text_color=\u00bb#716e6b\u00bb header_font_size=\u00bb15px\u00bb header_line_height=\u00bb1.4em\u00bb custom_margin=\u00bb-13px|||-5px|false|false\u00bb animation=\u00bboff\u00bb custom_css_blurb_title=\u00bbmargin-left: -6px\u00bb image_max_width=\u00bb21px\u00bb disabled=\u00bbon\u00bb global_colors_info=\u00bb{}\u00bb][\/et_pb_blurb][et_pb_blurb title=\u00bbEsnam aliruam volustatem enim\u00bb image=\u00bbhttps:\/\/lubaq.com\/wp-content\/uploads\/2024\/05\/new-section-1-9.png\u00bb icon_placement=\u00bbleft\u00bb image_icon_width=\u00bb21px\u00bb content_max_width=\u00bb100%\u00bb disabled_on=\u00bbon|on|on\u00bb _builder_version=\u00bb4.18.0&#8243; header_font=\u00bbPoppins||||||||\u00bb header_text_align=\u00bbleft\u00bb header_text_color=\u00bb#716e6b\u00bb header_font_size=\u00bb15px\u00bb header_line_height=\u00bb1.4em\u00bb custom_margin=\u00bb-13px|||-5px|false|false\u00bb animation=\u00bboff\u00bb custom_css_blurb_title=\u00bbmargin-left: -6px\u00bb image_max_width=\u00bb21px\u00bb disabled=\u00bbon\u00bb global_colors_info=\u00bb{}\u00bb][\/et_pb_blurb][et_pb_blurb title=\u00bbVeniam nostrum exercita\u00bb image=\u00bbhttps:\/\/lubaq.com\/wp-content\/uploads\/2024\/05\/new-section-1-9.png\u00bb icon_placement=\u00bbleft\u00bb image_icon_width=\u00bb21px\u00bb content_max_width=\u00bb100%\u00bb disabled_on=\u00bbon|on|on\u00bb _builder_version=\u00bb4.18.0&#8243; header_font=\u00bbPoppins||||||||\u00bb header_text_align=\u00bbleft\u00bb header_text_color=\u00bb#716e6b\u00bb header_font_size=\u00bb15px\u00bb header_line_height=\u00bb1.4em\u00bb custom_margin=\u00bb-13px|||-5px|false|false\u00bb animation=\u00bboff\u00bb custom_css_blurb_title=\u00bbmargin-left: -6px\u00bb image_max_width=\u00bb21px\u00bb disabled=\u00bbon\u00bb global_colors_info=\u00bb{}\u00bb][\/et_pb_blurb][\/et_pb_column][\/et_pb_row][\/et_pb_section]<\/p>\n","protected":false},"excerpt":{"rendered":"<p>Tecnolog\u00edas Lubaq CorporateTecnolog\u00edasLorem insum dolor amet consec tetur adiriscin elit temsor masna alirua enim nostrud.Lubaq utiliza cromatograf\u00eda preparativa para brindarle suficiente material de impureza para obtener una estructura definitiva. Si es necesario, podemos proporcionar, adem\u00e1s de las impurezas aisladas, su caracterizaci\u00f3n qu\u00edmica utilizando tecnolog\u00edas de vanguardia (HRMS, NMR). Esto mejora su capacidad para comprender la [&hellip;]<\/p>\n","protected":false},"author":1,"featured_media":0,"parent":0,"menu_order":0,"comment_status":"closed","ping_status":"closed","template":"","meta":{"_et_pb_use_builder":"on","_et_pb_old_content":"","_et_gb_content_width":"","footnotes":""},"class_list":["post-230362","page","type-page","status-publish","hentry"],"yoast_head":"<!-- This site is optimized with the Yoast SEO plugin v24.3 - https:\/\/yoast.com\/wordpress\/plugins\/seo\/ -->\n<title>Tecnolog\u00edas - LUBAQ GLP LAB \u2502 QC \u2502 QUIRAL<\/title>\n<meta name=\"description\" content=\"Discover Lubaq\u2019s mastery in Chromatographic Techniques for Impurity Isolation. Our Madrid lab\u2019s advanced chromatography ensures unparalleled precision and quality.\" \/>\n<meta name=\"robots\" content=\"index, follow, max-snippet:-1, max-image-preview:large, max-video-preview:-1\" \/>\n<link rel=\"canonical\" href=\"https:\/\/lubaq.com\/es\/tecnologias\/\" \/>\n<meta property=\"og:locale\" content=\"es_ES\" \/>\n<meta property=\"og:type\" content=\"article\" \/>\n<meta property=\"og:title\" content=\"Tecnolog\u00edas - LUBAQ GLP LAB \u2502 QC \u2502 QUIRAL\" \/>\n<meta property=\"og:description\" content=\"Discover Lubaq\u2019s mastery in Chromatographic Techniques for Impurity Isolation. Our Madrid lab\u2019s advanced chromatography ensures unparalleled precision and quality.\" \/>\n<meta property=\"og:url\" content=\"https:\/\/lubaq.com\/es\/tecnologias\/\" \/>\n<meta property=\"og:site_name\" content=\"LUBAQ GLP LAB \u2502 QC \u2502 QUIRAL\" \/>\n<meta property=\"article:modified_time\" content=\"2025-09-15T12:30:16+00:00\" \/>\n<meta name=\"twitter:card\" content=\"summary_large_image\" \/>\n<meta name=\"twitter:label1\" content=\"Tiempo de lectura\" \/>\n\t<meta name=\"twitter:data1\" content=\"6 minutos\" \/>\n<script type=\"application\/ld+json\" class=\"yoast-schema-graph\">{\"@context\":\"https:\/\/schema.org\",\"@graph\":[{\"@type\":\"WebPage\",\"@id\":\"https:\/\/lubaq.com\/es\/tecnologias\/\",\"url\":\"https:\/\/lubaq.com\/es\/tecnologias\/\",\"name\":\"Tecnolog\u00edas - LUBAQ GLP LAB \u2502 QC \u2502 QUIRAL\",\"isPartOf\":{\"@id\":\"https:\/\/lubaq.com\/#website\"},\"datePublished\":\"2018-09-13T10:52:29+00:00\",\"dateModified\":\"2025-09-15T12:30:16+00:00\",\"description\":\"Discover Lubaq\u2019s mastery in Chromatographic Techniques for Impurity Isolation. Our Madrid lab\u2019s advanced chromatography ensures unparalleled precision and quality.\",\"breadcrumb\":{\"@id\":\"https:\/\/lubaq.com\/es\/tecnologias\/#breadcrumb\"},\"inLanguage\":\"es\",\"potentialAction\":[{\"@type\":\"ReadAction\",\"target\":[\"https:\/\/lubaq.com\/es\/tecnologias\/\"]}]},{\"@type\":\"BreadcrumbList\",\"@id\":\"https:\/\/lubaq.com\/es\/tecnologias\/#breadcrumb\",\"itemListElement\":[{\"@type\":\"ListItem\",\"position\":1,\"name\":\"Home\",\"item\":\"https:\/\/lubaq.com\/es\/\"},{\"@type\":\"ListItem\",\"position\":2,\"name\":\"Tecnolog\u00edas\"}]},{\"@type\":\"WebSite\",\"@id\":\"https:\/\/lubaq.com\/#website\",\"url\":\"https:\/\/lubaq.com\/\",\"name\":\"LUBAQ GLP LAB \u2502 QC \u2502 QUIRAL\",\"description\":\"Analytical lab with GLP certification\",\"potentialAction\":[{\"@type\":\"SearchAction\",\"target\":{\"@type\":\"EntryPoint\",\"urlTemplate\":\"https:\/\/lubaq.com\/?s={search_term_string}\"},\"query-input\":{\"@type\":\"PropertyValueSpecification\",\"valueRequired\":true,\"valueName\":\"search_term_string\"}}],\"inLanguage\":\"es\"}]}<\/script>\n<!-- \/ Yoast SEO plugin. -->","yoast_head_json":{"title":"Tecnolog\u00edas - LUBAQ GLP LAB \u2502 QC \u2502 QUIRAL","description":"Discover Lubaq\u2019s mastery in Chromatographic Techniques for Impurity Isolation. Our Madrid lab\u2019s advanced chromatography ensures unparalleled precision and quality.","robots":{"index":"index","follow":"follow","max-snippet":"max-snippet:-1","max-image-preview":"max-image-preview:large","max-video-preview":"max-video-preview:-1"},"canonical":"https:\/\/lubaq.com\/es\/tecnologias\/","og_locale":"es_ES","og_type":"article","og_title":"Tecnolog\u00edas - LUBAQ GLP LAB \u2502 QC \u2502 QUIRAL","og_description":"Discover Lubaq\u2019s mastery in Chromatographic Techniques for Impurity Isolation. Our Madrid lab\u2019s advanced chromatography ensures unparalleled precision and quality.","og_url":"https:\/\/lubaq.com\/es\/tecnologias\/","og_site_name":"LUBAQ GLP LAB \u2502 QC \u2502 QUIRAL","article_modified_time":"2025-09-15T12:30:16+00:00","twitter_card":"summary_large_image","twitter_misc":{"Tiempo de lectura":"6 minutos"},"schema":{"@context":"https:\/\/schema.org","@graph":[{"@type":"WebPage","@id":"https:\/\/lubaq.com\/es\/tecnologias\/","url":"https:\/\/lubaq.com\/es\/tecnologias\/","name":"Tecnolog\u00edas - LUBAQ GLP LAB \u2502 QC \u2502 QUIRAL","isPartOf":{"@id":"https:\/\/lubaq.com\/#website"},"datePublished":"2018-09-13T10:52:29+00:00","dateModified":"2025-09-15T12:30:16+00:00","description":"Discover Lubaq\u2019s mastery in Chromatographic Techniques for Impurity Isolation. Our Madrid lab\u2019s advanced chromatography ensures unparalleled precision and quality.","breadcrumb":{"@id":"https:\/\/lubaq.com\/es\/tecnologias\/#breadcrumb"},"inLanguage":"es","potentialAction":[{"@type":"ReadAction","target":["https:\/\/lubaq.com\/es\/tecnologias\/"]}]},{"@type":"BreadcrumbList","@id":"https:\/\/lubaq.com\/es\/tecnologias\/#breadcrumb","itemListElement":[{"@type":"ListItem","position":1,"name":"Home","item":"https:\/\/lubaq.com\/es\/"},{"@type":"ListItem","position":2,"name":"Tecnolog\u00edas"}]},{"@type":"WebSite","@id":"https:\/\/lubaq.com\/#website","url":"https:\/\/lubaq.com\/","name":"LUBAQ GLP LAB \u2502 QC \u2502 QUIRAL","description":"Analytical lab with GLP certification","potentialAction":[{"@type":"SearchAction","target":{"@type":"EntryPoint","urlTemplate":"https:\/\/lubaq.com\/?s={search_term_string}"},"query-input":{"@type":"PropertyValueSpecification","valueRequired":true,"valueName":"search_term_string"}}],"inLanguage":"es"}]}},"_links":{"self":[{"href":"https:\/\/lubaq.com\/es\/wp-json\/wp\/v2\/pages\/230362","targetHints":{"allow":["GET"]}}],"collection":[{"href":"https:\/\/lubaq.com\/es\/wp-json\/wp\/v2\/pages"}],"about":[{"href":"https:\/\/lubaq.com\/es\/wp-json\/wp\/v2\/types\/page"}],"author":[{"embeddable":true,"href":"https:\/\/lubaq.com\/es\/wp-json\/wp\/v2\/users\/1"}],"replies":[{"embeddable":true,"href":"https:\/\/lubaq.com\/es\/wp-json\/wp\/v2\/comments?post=230362"}],"version-history":[{"count":4,"href":"https:\/\/lubaq.com\/es\/wp-json\/wp\/v2\/pages\/230362\/revisions"}],"predecessor-version":[{"id":230489,"href":"https:\/\/lubaq.com\/es\/wp-json\/wp\/v2\/pages\/230362\/revisions\/230489"}],"wp:attachment":[{"href":"https:\/\/lubaq.com\/es\/wp-json\/wp\/v2\/media?parent=230362"}],"curies":[{"name":"wp","href":"https:\/\/api.w.org\/{rel}","templated":true}]}}