{"id":230372,"date":"2024-05-13T07:31:53","date_gmt":"2024-05-13T05:31:53","guid":{"rendered":"https:\/\/nueva.lubaq.com\/buenas-practicas-de-laboratorio\/"},"modified":"2025-09-15T18:11:38","modified_gmt":"2025-09-15T16:11:38","slug":"good-laboratory-practices","status":"publish","type":"page","link":"https:\/\/lubaq.com\/es\/good-laboratory-practices\/","title":{"rendered":"Good Laboratory Practices"},"content":{"rendered":"<p>[et_pb_section fb_built=\u00bb1&#8243; admin_label=\u00bbHero\u00bb _builder_version=\u00bb4.25.1&#8243; use_background_color_gradient=\u00bbon\u00bb background_color_gradient_direction=\u00bb70deg\u00bb background_color_gradient_stops=\u00bbrgba(255,154,36,0.75) 0%|rgba(255,154,36,0.2) 100%\u00bb background_color_gradient_overlays_image=\u00bbon\u00bb background_color_gradient_start=\u00bb#283d4b\u00bb background_color_gradient_end=\u00bbrgba(128,103,79,0.5)\u00bb background_image=\u00bbhttps:\/\/lubaq.com\/wp-content\/uploads\/2024\/05\/43901-e1715327156407.jpg\u00bb custom_margin=\u00bb||||false|false\u00bb custom_padding=\u00bb8vw||8vw||true|false\u00bb bottom_divider_height=\u00bb20vw\u00bb bottom_divider_repeat=\u00bb0.5x\u00bb bottom_divider_flip=\u00bbhorizontal|vertical\u00bb border_radii=\u00bboff|||45%|\u00bb global_colors_info=\u00bb{}\u00bb][et_pb_row _builder_version=\u00bb4.16&#8243; custom_margin=\u00bb|||\u00bb custom_padding=\u00bb27px|0px|0|0px|false|false\u00bb global_colors_info=\u00bb{}\u00bb][et_pb_column type=\u00bb4_4&#8243; _builder_version=\u00bb4.16&#8243; custom_padding=\u00bb|||\u00bb global_colors_info=\u00bb{}\u00bb custom_padding__hover=\u00bb|||\u00bb][et_pb_text admin_label=\u00bbText\u00bb _builder_version=\u00bb4.27.4&#8243; text_font=\u00bb||||||||\u00bb header_font=\u00bbJosefin Sans|700|||||||\u00bb header_font_size=\u00bb90px\u00bb header_line_height=\u00bb1.4em\u00bb header_2_font=\u00bbJosefin Sans||||||||\u00bb header_2_text_color=\u00bbrgba(255,255,255,0.6)\u00bb header_2_font_size=\u00bb32px\u00bb header_2_line_height=\u00bb1.4em\u00bb background_layout=\u00bbdark\u00bb animation_style=\u00bbslide\u00bb animation_direction=\u00bbright\u00bb animation_intensity_slide=\u00bb4%\u00bb header_font_size_tablet=\u00bb50px\u00bb header_font_size_phone=\u00bb32px\u00bb header_font_size_last_edited=\u00bbon|desktop\u00bb header_2_font_size_tablet=\u00bb\u00bb header_2_font_size_phone=\u00bb24px\u00bb header_2_font_size_last_edited=\u00bbon|phone\u00bb global_colors_info=\u00bb{}\u00bb]<\/p>\n<h1 data-fontsize=\"90\" data-lineheight=\"126\">Certificado de Buenas Practicas de Laboratorio (BPL)<\/h1>\n<h2 data-fontsize=\"32\" data-lineheight=\"44\">Lubaq Corporate<\/h2>\n<p>[\/et_pb_text][\/et_pb_column][\/et_pb_row][\/et_pb_section][et_pb_section fb_built=\u00bb1&#8243; _builder_version=\u00bb4.27.4&#8243; _module_preset=\u00bbdefault\u00bb global_colors_info=\u00bb{}\u00bb][et_pb_row _builder_version=\u00bb4.27.4&#8243; _module_preset=\u00bbdefault\u00bb global_colors_info=\u00bb{}\u00bb][et_pb_column type=\u00bb4_4&#8243; _builder_version=\u00bb4.27.4&#8243; _module_preset=\u00bbdefault\u00bb global_colors_info=\u00bb{}\u00bb][et_pb_text _builder_version=\u00bb4.27.4&#8243; _module_preset=\u00bbdefault\u00bb text_font=\u00bbArial||||||||\u00bb global_colors_info=\u00bb{}\u00bb]<\/p>\n<h2 style=\"text-align: center;\">El alcance cubierto por nuestra Certificaci\u00f3n en BPL es:<\/h2>\n<p style=\"text-align: center;\">\n<h2 style=\"text-align: center;\"><strong>F\u00edsico-Qu\u00edmico &#8211; n\u00b0 1<\/strong><\/h2>\n<h2 style=\"text-align: center;\"><strong>Residuos &#8211; n\u00b0 6<\/strong><\/h2>\n<h2 style=\"text-align: center;\"><strong>Qu\u00edmica Anal\u00edtica &#8211; n\u00b0 8<\/strong><\/h2>\n<p>[\/et_pb_text][\/et_pb_column][\/et_pb_row][\/et_pb_section][et_pb_section fb_built=\u00bb1&#8243; _builder_version=\u00bb4.18.0&#8243; background_enable_color=\u00bboff\u00bb custom_padding=\u00bb100px||80px||false|false\u00bb global_colors_info=\u00bb{}\u00bb][et_pb_row column_structure=\u00bb1_3,2_3&#8243; use_custom_gutter=\u00bbon\u00bb gutter_width=\u00bb2&#8243; make_equal=\u00bbon\u00bb _builder_version=\u00bb4.27.4&#8243; width=\u00bb90%\u00bb width_tablet=\u00bb90%\u00bb width_phone=\u00bb90%\u00bb width_last_edited=\u00bbon|tablet\u00bb max_width_tablet=\u00bb90%\u00bb max_width_phone=\u00bb90%\u00bb max_width_last_edited=\u00bboff|desktop\u00bb custom_padding=\u00bb0px||0px||true|\u00bb global_colors_info=\u00bb{}\u00bb][et_pb_column type=\u00bb1_3&#8243; _builder_version=\u00bb4.18.0&#8243; animation_direction=\u00bbleft\u00bb global_colors_info=\u00bb{}\u00bb][et_pb_image src=\u00bbhttps:\/\/lubaq.com\/wp-content\/uploads\/2025\/09\/blanco.jpg\u00bb title_text=\u00bbblanco\u00bb admin_label=\u00bbImagen\u00bb _builder_version=\u00bb4.27.4&#8243; _module_preset=\u00bbdefault\u00bb background_enable_color=\u00bboff\u00bb max_width=\u00bb435px\u00bb module_alignment=\u00bbleft\u00bb custom_margin=\u00bb90px||||false|false\u00bb global_colors_info=\u00bb{%22gcid-567d9b5b-f3ff-4d81-83f1-3d8f5dedc55d%22:%91%22background_color%22%93}\u00bb][\/et_pb_image][et_pb_image src=\u00bbhttps:\/\/lubaq.com\/wp-content\/uploads\/2024\/04\/0-505a6240-58ce-40ca-a5d8-7a4bf077587c-800&#215;600.jpg\u00bb title_text=\u00bb0-505a6240-58ce-40ca-a5d8-7a4bf077587c-800&#215;600&#8243; admin_label=\u00bbImage\u00bb _builder_version=\u00bb4.27.4&#8243; _module_preset=\u00bbdefault\u00bb positioning=\u00bbabsolute\u00bb position_origin_a=\u00bbtop_right\u00bb width=\u00bb120%\u00bb max_width=\u00bb450px\u00bb max_width_tablet=\u00bb450px\u00bb max_width_phone=\u00bb301px\u00bb max_width_last_edited=\u00bbon|tablet\u00bb max_height=\u00bb637px\u00bb animation_style=\u00bbfade\u00bb animation_delay=\u00bb750ms\u00bb box_shadow_style=\u00bbpreset1&#8243; global_colors_info=\u00bb{}\u00bb][\/et_pb_image][\/et_pb_column][et_pb_column type=\u00bb2_3&#8243; _builder_version=\u00bb4.18.0&#8243; custom_padding=\u00bb|||35px|false|false\u00bb custom_padding_tablet=\u00bb40px|||0px|false|false\u00bb custom_padding_phone=\u00bb40px|||0px|false|false\u00bb custom_padding_last_edited=\u00bbon|phone\u00bb animation_direction=\u00bbleft\u00bb global_colors_info=\u00bb{}\u00bb][et_pb_text _builder_version=\u00bb4.27.4&#8243; text_font_size=\u00bb25px\u00bb header_3_font=\u00bbRubik|700|||||||\u00bb header_3_text_align=\u00bbleft\u00bb header_3_text_color=\u00bbgcid-23a72a22-8b51-4497-b996-a69529e9962d\u00bb header_3_font_size=\u00bb40px\u00bb custom_margin_tablet=\u00bb-10px||||false|false\u00bb custom_margin_phone=\u00bb-10px||||false|false\u00bb custom_margin_last_edited=\u00bbon|phone\u00bb animation_style=\u00bbfade\u00bb animation_delay=\u00bb550ms\u00bb header_3_font_size_tablet=\u00bb\u00bb header_3_font_size_phone=\u00bb30px\u00bb header_3_font_size_last_edited=\u00bbon|phone\u00bb global_colors_info=\u00bb{%22gcid-23a72a22-8b51-4497-b996-a69529e9962d%22:%91%22header_3_text_color%22%93}\u00bb]<\/p>\n<h2><strong>Estudios f\u00edsico-qu\u00edmicos bajo BPL<\/strong><\/h2>\n<p>[\/et_pb_text][et_pb_text _builder_version=\u00bb4.27.4&#8243; text_font=\u00bbArial||||||||\u00bb text_font_size=\u00bb18px\u00bb text_letter_spacing=\u00bb2px\u00bb text_line_height=\u00bb1.8em\u00bb header_3_font=\u00bbRubik|700|||||||\u00bb header_3_text_align=\u00bbleft\u00bb header_3_text_color=\u00bbgcid-23a72a22-8b51-4497-b996-a69529e9962d\u00bb header_3_font_size=\u00bb40px\u00bb custom_margin_tablet=\u00bb-10px||||false|false\u00bb custom_margin_phone=\u00bb-10px||||false|false\u00bb custom_margin_last_edited=\u00bbon|phone\u00bb animation_style=\u00bbfade\u00bb animation_duration=\u00bb650ms\u00bb animation_delay=\u00bb750ms\u00bb header_3_font_size_tablet=\u00bb\u00bb header_3_font_size_phone=\u00bb30px\u00bb header_3_font_size_last_edited=\u00bbon|phone\u00bb global_colors_info=\u00bb{%22gcid-23a72a22-8b51-4497-b996-a69529e9962d%22:%91%22header_3_text_color%22%93}\u00bb]<\/p>\n<p>LUBAQ puede proporcionar todas las pruebas necesarias para elaborar expedientes de an\u00e1lisis para el registro de agroqu\u00edmicos.<\/p>\n<ul>\n<li>Desarrollo y validaci\u00f3n de m\u00e9todos de an\u00e1lisis para sustancias activas t\u00e9cnicas y productos formulados.<\/li>\n<li>An\u00e1lisis de productos formulados y emisi\u00f3n de certificados de an\u00e1lisis.<\/li>\n<li>An\u00e1lisis f\u00edsico-qu\u00edmicos de sustancias activas t\u00e9cnicas y productos formulados.<\/li>\n<li>Estudios de estabilidad (almacenamiento en fr\u00edo, almacenamiento acelerado, vida \u00fatil de hasta dos a\u00f1os o m\u00e1s) con monitoreo de par\u00e1metros f\u00edsicos y qu\u00edmicos y estado del envase.<\/li>\n<li>Comprobaci\u00f3n y control de la estabilidad de sustancias activas.<\/li>\n<li>Eficacia de los procedimientos de limpieza.<\/li>\n<\/ul>\n<p>[\/et_pb_text][\/et_pb_column][\/et_pb_row][\/et_pb_section][et_pb_section fb_built=\u00bb1&#8243; _builder_version=\u00bb4.18.0&#8243; background_enable_color=\u00bboff\u00bb custom_padding=\u00bb0px||80px||false|false\u00bb global_colors_info=\u00bb{}\u00bb][et_pb_row column_structure=\u00bb2_3,1_3&#8243; use_custom_gutter=\u00bbon\u00bb gutter_width=\u00bb2&#8243; make_equal=\u00bbon\u00bb _builder_version=\u00bb4.25.1&#8243; width=\u00bb100%\u00bb width_tablet=\u00bb90%\u00bb width_phone=\u00bb90%\u00bb width_last_edited=\u00bbon|tablet\u00bb max_width=\u00bb1200px\u00bb max_width_tablet=\u00bb90%\u00bb max_width_phone=\u00bb90%\u00bb max_width_last_edited=\u00bboff|desktop\u00bb custom_padding=\u00bb0px||0px||true|\u00bb global_colors_info=\u00bb{}\u00bb][et_pb_column type=\u00bb2_3&#8243; _builder_version=\u00bb4.18.0&#8243; custom_padding=\u00bb|||35px|false|false\u00bb custom_padding_tablet=\u00bb40px|||0px|false|false\u00bb custom_padding_phone=\u00bb40px|||0px|false|false\u00bb custom_padding_last_edited=\u00bbon|phone\u00bb animation_direction=\u00bbleft\u00bb global_colors_info=\u00bb{}\u00bb][et_pb_text _builder_version=\u00bb4.27.4&#8243; text_font_size=\u00bb25px\u00bb header_3_font=\u00bbRubik|700|||||||\u00bb header_3_text_align=\u00bbleft\u00bb header_3_text_color=\u00bbgcid-23a72a22-8b51-4497-b996-a69529e9962d\u00bb header_3_font_size=\u00bb40px\u00bb custom_margin_tablet=\u00bb-10px||||false|false\u00bb custom_margin_phone=\u00bb-10px||||false|false\u00bb custom_margin_last_edited=\u00bbon|phone\u00bb animation_style=\u00bbfade\u00bb animation_delay=\u00bb550ms\u00bb header_3_font_size_tablet=\u00bb\u00bb header_3_font_size_phone=\u00bb30px\u00bb header_3_font_size_last_edited=\u00bbon|phone\u00bb global_colors_info=\u00bb{%22gcid-23a72a22-8b51-4497-b996-a69529e9962d%22:%91%22header_3_text_color%22%93}\u00bb]<\/p>\n<h2><strong>Estudios BPL de 5-Lotes<\/strong><\/h2>\n<p>[\/et_pb_text][et_pb_text admin_label=\u00bbText\u00bb _builder_version=\u00bb4.27.4&#8243; text_font=\u00bbArial||||||||\u00bb text_font_size=\u00bb18px\u00bb text_letter_spacing=\u00bb2px\u00bb text_line_height=\u00bb3em\u00bb header_3_font=\u00bbRubik|700|||||||\u00bb header_3_text_align=\u00bbleft\u00bb header_3_text_color=\u00bbgcid-23a72a22-8b51-4497-b996-a69529e9962d\u00bb header_3_font_size=\u00bb40px\u00bb custom_margin_tablet=\u00bb-10px||||false|false\u00bb custom_margin_phone=\u00bb-10px||||false|false\u00bb custom_margin_last_edited=\u00bbon|phone\u00bb animation_style=\u00bbfade\u00bb animation_duration=\u00bb650ms\u00bb header_3_font_size_tablet=\u00bb\u00bb header_3_font_size_phone=\u00bb30px\u00bb header_3_font_size_last_edited=\u00bbon|phone\u00bb global_colors_info=\u00bb{%22gcid-23a72a22-8b51-4497-b996-a69529e9962d%22:%91%22header_3_text_color%22%93}\u00bb]<\/p>\n<ul>\n<li>Screening: perfil de pureza e impurezas.<\/li>\n<li>An\u00e1lisis del contenido de sustancia activa e impurezas de los 5 lotes.<\/li>\n<li>Validaci\u00f3n de los m\u00e9todos de an\u00e1lisis seg\u00fan las normas europeas e internacionales.<\/li>\n<li>S\u00edntesis o separaci\u00f3n en columna de impurezas relevantes y significativas.<\/li>\n<li>17 impurezas de dioxinas\/furanos a nivel de partes por trill\u00f3n (ppt).<\/li>\n<\/ul>\n<p>[\/et_pb_text][et_pb_text admin_label=\u00bbText\u00bb _builder_version=\u00bb4.27.4&#8243; text_font=\u00bbArial||||||||\u00bb text_font_size=\u00bb18px\u00bb text_letter_spacing=\u00bb2px\u00bb text_line_height=\u00bb3em\u00bb header_3_font=\u00bbRubik|700|||||||\u00bb header_3_text_align=\u00bbleft\u00bb header_3_text_color=\u00bbgcid-23a72a22-8b51-4497-b996-a69529e9962d\u00bb header_3_font_size=\u00bb40px\u00bb custom_margin_tablet=\u00bb-10px||||false|false\u00bb custom_margin_phone=\u00bb-10px||||false|false\u00bb custom_margin_last_edited=\u00bbon|phone\u00bb animation_style=\u00bbfade\u00bb animation_duration=\u00bb650ms\u00bb header_3_font_size_tablet=\u00bb\u00bb header_3_font_size_phone=\u00bb30px\u00bb header_3_font_size_last_edited=\u00bbon|phone\u00bb global_colors_info=\u00bb{%22gcid-23a72a22-8b51-4497-b996-a69529e9962d%22:%91%22header_3_text_color%22%93}\u00bb][\/et_pb_text][et_pb_text admin_label=\u00bbText\u00bb _builder_version=\u00bb4.27.4&#8243; text_font=\u00bbArial||||||||\u00bb text_font_size=\u00bb18px\u00bb text_letter_spacing=\u00bb2px\u00bb text_line_height=\u00bb3em\u00bb header_3_font=\u00bbRubik|700|||||||\u00bb header_3_text_align=\u00bbleft\u00bb header_3_text_color=\u00bbgcid-23a72a22-8b51-4497-b996-a69529e9962d\u00bb header_3_font_size=\u00bb40px\u00bb custom_margin_tablet=\u00bb-10px||||false|false\u00bb custom_margin_phone=\u00bb-10px||||false|false\u00bb custom_margin_last_edited=\u00bbon|phone\u00bb animation_style=\u00bbfade\u00bb animation_duration=\u00bb650ms\u00bb header_3_font_size_tablet=\u00bb\u00bb header_3_font_size_phone=\u00bb30px\u00bb header_3_font_size_last_edited=\u00bbon|phone\u00bb global_colors_info=\u00bb{%22gcid-23a72a22-8b51-4497-b996-a69529e9962d%22:%91%22header_3_text_color%22%93}\u00bb][\/et_pb_text][\/et_pb_column][et_pb_column type=\u00bb1_3&#8243; _builder_version=\u00bb4.18.0&#8243; animation_direction=\u00bbleft\u00bb global_colors_info=\u00bb{}\u00bb][et_pb_image src=\u00bbhttps:\/\/lubaq.com\/wp-content\/uploads\/2024\/05\/rojo-nuevo.jpg\u00bb title_text=\u00bbrojo-nuevo\u00bb _builder_version=\u00bb4.27.4&#8243; _module_preset=\u00bbdefault\u00bb positioning=\u00bbabsolute\u00bb position_origin_a=\u00bbtop_right\u00bb width=\u00bb100%\u00bb max_width=\u00bb450px\u00bb max_width_tablet=\u00bb450px\u00bb max_width_phone=\u00bb301px\u00bb max_width_last_edited=\u00bbon|tablet\u00bb max_height=\u00bb500px\u00bb animation_style=\u00bbfade\u00bb animation_delay=\u00bb750ms\u00bb global_colors_info=\u00bb{}\u00bb][\/et_pb_image][\/et_pb_column][\/et_pb_row][\/et_pb_section][et_pb_section fb_built=\u00bb1&#8243; _builder_version=\u00bb4.25.1&#8243; background_enable_color=\u00bboff\u00bb custom_padding=\u00bb||80px||false|false\u00bb global_colors_info=\u00bb{}\u00bb][et_pb_row column_structure=\u00bb2_5,3_5&#8243; use_custom_gutter=\u00bbon\u00bb gutter_width=\u00bb2&#8243; make_equal=\u00bbon\u00bb _builder_version=\u00bb4.25.1&#8243; width=\u00bb100%\u00bb width_tablet=\u00bb90%\u00bb width_phone=\u00bb90%\u00bb width_last_edited=\u00bbon|tablet\u00bb max_width=\u00bb1200px\u00bb max_width_tablet=\u00bb90%\u00bb max_width_phone=\u00bb90%\u00bb max_width_last_edited=\u00bboff|desktop\u00bb custom_padding=\u00bb0px||0px||true|\u00bb global_colors_info=\u00bb{}\u00bb][et_pb_column type=\u00bb2_5&#8243; _builder_version=\u00bb4.25.1&#8243; custom_padding=\u00bb9vw||9vw||true|false\u00bb animation_direction=\u00bbleft\u00bb global_colors_info=\u00bb{}\u00bb][et_pb_image src=\u00bbhttps:\/\/lubaq.com\/wp-content\/uploads\/2025\/09\/blanco.jpg\u00bb title_text=\u00bbblanco\u00bb admin_label=\u00bbImagen\u00bb _builder_version=\u00bb4.27.4&#8243; _module_preset=\u00bbdefault\u00bb background_enable_color=\u00bboff\u00bb max_width=\u00bb435px\u00bb module_alignment=\u00bbleft\u00bb custom_margin=\u00bb90px||||false|false\u00bb global_colors_info=\u00bb{%22gcid-567d9b5b-f3ff-4d81-83f1-3d8f5dedc55d%22:%91%22background_color%22%93}\u00bb][\/et_pb_image][et_pb_image src=\u00bbhttps:\/\/lubaq.com\/wp-content\/uploads\/2025\/09\/hands-holding-small-plant-scaled.jpg\u00bb title_text=\u00bbhands-holding-small-plant\u00bb _builder_version=\u00bb4.27.4&#8243; _module_preset=\u00bbdefault\u00bb positioning=\u00bbabsolute\u00bb position_origin_a=\u00bbtop_right\u00bb width=\u00bb100%\u00bb max_width=\u00bb450px\u00bb max_width_tablet=\u00bb450px\u00bb max_width_phone=\u00bb301px\u00bb max_width_last_edited=\u00bbon|tablet\u00bb max_height=\u00bb500px\u00bb animation_style=\u00bbfade\u00bb animation_delay=\u00bb750ms\u00bb global_colors_info=\u00bb{}\u00bb][\/et_pb_image][\/et_pb_column][et_pb_column type=\u00bb3_5&#8243; _builder_version=\u00bb4.18.0&#8243; custom_padding=\u00bb|||35px|false|false\u00bb custom_padding_tablet=\u00bb40px|||0px|false|false\u00bb custom_padding_phone=\u00bb40px|||0px|false|false\u00bb custom_padding_last_edited=\u00bbon|phone\u00bb animation_direction=\u00bbleft\u00bb global_colors_info=\u00bb{}\u00bb][et_pb_text _builder_version=\u00bb4.27.4&#8243; text_font_size=\u00bb25px\u00bb header_3_font=\u00bbRubik|700|||||||\u00bb header_3_text_align=\u00bbleft\u00bb header_3_text_color=\u00bbgcid-23a72a22-8b51-4497-b996-a69529e9962d\u00bb header_3_font_size=\u00bb40px\u00bb custom_margin_tablet=\u00bb-10px||||false|false\u00bb custom_margin_phone=\u00bb-10px||||false|false\u00bb custom_margin_last_edited=\u00bbon|phone\u00bb animation_style=\u00bbfade\u00bb animation_delay=\u00bb550ms\u00bb header_3_font_size_tablet=\u00bb\u00bb header_3_font_size_phone=\u00bb30px\u00bb header_3_font_size_last_edited=\u00bbon|phone\u00bb global_colors_info=\u00bb{%22gcid-23a72a22-8b51-4497-b996-a69529e9962d%22:%91%22header_3_text_color%22%93}\u00bb]<\/p>\n<h2><strong>Estudios BPL de Residuos<\/strong><\/h2>\n<p>[\/et_pb_text][et_pb_text _builder_version=\u00bb4.27.4&#8243; text_font=\u00bbArial||||||||\u00bb text_font_size=\u00bb18px\u00bb text_letter_spacing=\u00bb2px\u00bb text_line_height=\u00bb3em\u00bb header_3_font=\u00bbRubik|700|||||||\u00bb header_3_text_align=\u00bbleft\u00bb header_3_text_color=\u00bbgcid-23a72a22-8b51-4497-b996-a69529e9962d\u00bb header_3_font_size=\u00bb40px\u00bb custom_margin_tablet=\u00bb-10px||||false|false\u00bb custom_margin_phone=\u00bb-10px||||false|false\u00bb custom_margin_last_edited=\u00bbon|phone\u00bb animation_style=\u00bbfade\u00bb animation_duration=\u00bb650ms\u00bb header_3_font_size_tablet=\u00bb\u00bb header_3_font_size_phone=\u00bb30px\u00bb header_3_font_size_last_edited=\u00bbon|phone\u00bb global_colors_info=\u00bb{%22gcid-23a72a22-8b51-4497-b996-a69529e9962d%22:%91%22header_3_text_color%22%93}\u00bb]<\/p>\n<div class=\"n4sEPd\">\n<div class=\"QFw9Te BLojaf\">\n<div id=\"ow14\" class=\"NQSJo\"><strong>An\u00e1lisis, desarrollo y validaci\u00f3n de m\u00e9todos anal\u00edticos<\/strong><\/div>\n<\/div>\n<div class=\"DVHrxd\">\n<div class=\"n4sEPd\">\n<div class=\"FFpbKc\">\n<div class=\"xMmqsf\">\n<ul>\n<li>Desarrollo y validaci\u00f3n de m\u00e9todos anal\u00edticos de residuos \u00fanicos y m\u00faltiples para la determinaci\u00f3n de sustancias activas y metabolitos en cultivos.<\/li>\n<li>Estudios de residuos<\/li>\n<li>Validaci\u00f3n de m\u00e9todos y validaci\u00f3n de laboratorio independiente (ILV)<\/li>\n<li>Estabilidad de almacenamiento en congelador<\/li>\n<\/ul>\n<\/div>\n<\/div>\n<\/div>\n<\/div>\n<\/div>\n<div class=\"QcsUad BDJ8fb BLojaf sMVRZe hCXDsb wneUed\">\n<div class=\"usGWQd\">\n<div class=\"KkbLmb\">\u00a0<\/div>\n<\/div>\n<\/div>\n<p>[\/et_pb_text][et_pb_text disabled_on=\u00bbon|on|on\u00bb _builder_version=\u00bb4.18.0&#8243; text_font=\u00bbOld Standard TT||on||||||\u00bb text_text_color=\u00bb#000000&#8243; text_font_size=\u00bb20px\u00bb text_line_height=\u00bb1.6em\u00bb custom_margin=\u00bb-5px||||false|false\u00bb custom_margin_tablet=\u00bb-15px||||false|false\u00bb custom_margin_phone=\u00bb-15px||||false|false\u00bb custom_margin_last_edited=\u00bbon|phone\u00bb disabled=\u00bbon\u00bb global_colors_info=\u00bb{}\u00bb]<\/p>\n<p>Lorem insum dolor amet consec tetur adiriscin elit temsor masna alirua enim nostrud.<\/p>\n<p>[\/et_pb_text][\/et_pb_column][\/et_pb_row][\/et_pb_section]<\/p>\n","protected":false},"excerpt":{"rendered":"<p>Certificado de Buenas Practicas de Laboratorio (BPL) Lubaq CorporateEl alcance cubierto por nuestra Certificaci\u00f3n en BPL es: F\u00edsico-Qu\u00edmico &#8211; n\u00b0 1 Residuos &#8211; n\u00b0 6 Qu\u00edmica Anal\u00edtica &#8211; n\u00b0 8Estudios f\u00edsico-qu\u00edmicos bajo BPLLUBAQ puede proporcionar todas las pruebas necesarias para elaborar expedientes de an\u00e1lisis para el registro de agroqu\u00edmicos. Desarrollo y validaci\u00f3n de m\u00e9todos de [&hellip;]<\/p>\n","protected":false},"author":2,"featured_media":0,"parent":0,"menu_order":0,"comment_status":"closed","ping_status":"closed","template":"","meta":{"_et_pb_use_builder":"on","_et_pb_old_content":"","_et_gb_content_width":"","footnotes":""},"class_list":["post-230372","page","type-page","status-publish","hentry"],"yoast_head":"<!-- This site is optimized with the Yoast SEO plugin v24.3 - https:\/\/yoast.com\/wordpress\/plugins\/seo\/ -->\n<title>Good Laboratory Practices - LUBAQ GLP LAB \u2502 QC \u2502 QUIRAL<\/title>\n<meta name=\"description\" content=\"Discover Lubaq\u2019s mastery in Chromatographic Techniques for Impurity Isolation. Our Madrid lab\u2019s advanced chromatography ensures unparalleled precision and quality.\" \/>\n<meta name=\"robots\" content=\"index, follow, max-snippet:-1, max-image-preview:large, max-video-preview:-1\" \/>\n<link rel=\"canonical\" href=\"https:\/\/lubaq.com\/es\/good-laboratory-practices\/\" \/>\n<meta property=\"og:locale\" content=\"es_ES\" \/>\n<meta property=\"og:type\" content=\"article\" \/>\n<meta property=\"og:title\" content=\"Good Laboratory Practices - LUBAQ GLP LAB \u2502 QC \u2502 QUIRAL\" \/>\n<meta property=\"og:description\" content=\"Discover Lubaq\u2019s mastery in Chromatographic Techniques for Impurity Isolation. Our Madrid lab\u2019s advanced chromatography ensures unparalleled precision and quality.\" \/>\n<meta property=\"og:url\" content=\"https:\/\/lubaq.com\/es\/good-laboratory-practices\/\" \/>\n<meta property=\"og:site_name\" content=\"LUBAQ GLP LAB \u2502 QC \u2502 QUIRAL\" \/>\n<meta property=\"article:modified_time\" content=\"2025-09-15T16:11:38+00:00\" \/>\n<meta name=\"twitter:card\" content=\"summary_large_image\" \/>\n<meta name=\"twitter:label1\" content=\"Tiempo de lectura\" \/>\n\t<meta name=\"twitter:data1\" content=\"2 minutos\" \/>\n<script type=\"application\/ld+json\" class=\"yoast-schema-graph\">{\"@context\":\"https:\/\/schema.org\",\"@graph\":[{\"@type\":\"WebPage\",\"@id\":\"https:\/\/lubaq.com\/es\/good-laboratory-practices\/\",\"url\":\"https:\/\/lubaq.com\/es\/good-laboratory-practices\/\",\"name\":\"Good Laboratory Practices - LUBAQ GLP LAB \u2502 QC \u2502 QUIRAL\",\"isPartOf\":{\"@id\":\"https:\/\/lubaq.com\/#website\"},\"datePublished\":\"2024-05-13T05:31:53+00:00\",\"dateModified\":\"2025-09-15T16:11:38+00:00\",\"description\":\"Discover Lubaq\u2019s mastery in Chromatographic Techniques for Impurity Isolation. Our Madrid lab\u2019s advanced chromatography ensures unparalleled precision and quality.\",\"breadcrumb\":{\"@id\":\"https:\/\/lubaq.com\/es\/good-laboratory-practices\/#breadcrumb\"},\"inLanguage\":\"es\",\"potentialAction\":[{\"@type\":\"ReadAction\",\"target\":[\"https:\/\/lubaq.com\/es\/good-laboratory-practices\/\"]}]},{\"@type\":\"BreadcrumbList\",\"@id\":\"https:\/\/lubaq.com\/es\/good-laboratory-practices\/#breadcrumb\",\"itemListElement\":[{\"@type\":\"ListItem\",\"position\":1,\"name\":\"Home\",\"item\":\"https:\/\/lubaq.com\/es\/\"},{\"@type\":\"ListItem\",\"position\":2,\"name\":\"Good Laboratory Practices\"}]},{\"@type\":\"WebSite\",\"@id\":\"https:\/\/lubaq.com\/#website\",\"url\":\"https:\/\/lubaq.com\/\",\"name\":\"LUBAQ GLP LAB \u2502 QC \u2502 QUIRAL\",\"description\":\"Analytical lab with GLP certification\",\"potentialAction\":[{\"@type\":\"SearchAction\",\"target\":{\"@type\":\"EntryPoint\",\"urlTemplate\":\"https:\/\/lubaq.com\/?s={search_term_string}\"},\"query-input\":{\"@type\":\"PropertyValueSpecification\",\"valueRequired\":true,\"valueName\":\"search_term_string\"}}],\"inLanguage\":\"es\"}]}<\/script>\n<!-- \/ Yoast SEO plugin. -->","yoast_head_json":{"title":"Good Laboratory Practices - LUBAQ GLP LAB \u2502 QC \u2502 QUIRAL","description":"Discover Lubaq\u2019s mastery in Chromatographic Techniques for Impurity Isolation. Our Madrid lab\u2019s advanced chromatography ensures unparalleled precision and quality.","robots":{"index":"index","follow":"follow","max-snippet":"max-snippet:-1","max-image-preview":"max-image-preview:large","max-video-preview":"max-video-preview:-1"},"canonical":"https:\/\/lubaq.com\/es\/good-laboratory-practices\/","og_locale":"es_ES","og_type":"article","og_title":"Good Laboratory Practices - LUBAQ GLP LAB \u2502 QC \u2502 QUIRAL","og_description":"Discover Lubaq\u2019s mastery in Chromatographic Techniques for Impurity Isolation. Our Madrid lab\u2019s advanced chromatography ensures unparalleled precision and quality.","og_url":"https:\/\/lubaq.com\/es\/good-laboratory-practices\/","og_site_name":"LUBAQ GLP LAB \u2502 QC \u2502 QUIRAL","article_modified_time":"2025-09-15T16:11:38+00:00","twitter_card":"summary_large_image","twitter_misc":{"Tiempo de lectura":"2 minutos"},"schema":{"@context":"https:\/\/schema.org","@graph":[{"@type":"WebPage","@id":"https:\/\/lubaq.com\/es\/good-laboratory-practices\/","url":"https:\/\/lubaq.com\/es\/good-laboratory-practices\/","name":"Good Laboratory Practices - LUBAQ GLP LAB \u2502 QC \u2502 QUIRAL","isPartOf":{"@id":"https:\/\/lubaq.com\/#website"},"datePublished":"2024-05-13T05:31:53+00:00","dateModified":"2025-09-15T16:11:38+00:00","description":"Discover Lubaq\u2019s mastery in Chromatographic Techniques for Impurity Isolation. Our Madrid lab\u2019s advanced chromatography ensures unparalleled precision and quality.","breadcrumb":{"@id":"https:\/\/lubaq.com\/es\/good-laboratory-practices\/#breadcrumb"},"inLanguage":"es","potentialAction":[{"@type":"ReadAction","target":["https:\/\/lubaq.com\/es\/good-laboratory-practices\/"]}]},{"@type":"BreadcrumbList","@id":"https:\/\/lubaq.com\/es\/good-laboratory-practices\/#breadcrumb","itemListElement":[{"@type":"ListItem","position":1,"name":"Home","item":"https:\/\/lubaq.com\/es\/"},{"@type":"ListItem","position":2,"name":"Good Laboratory Practices"}]},{"@type":"WebSite","@id":"https:\/\/lubaq.com\/#website","url":"https:\/\/lubaq.com\/","name":"LUBAQ GLP LAB \u2502 QC \u2502 QUIRAL","description":"Analytical lab with GLP certification","potentialAction":[{"@type":"SearchAction","target":{"@type":"EntryPoint","urlTemplate":"https:\/\/lubaq.com\/?s={search_term_string}"},"query-input":{"@type":"PropertyValueSpecification","valueRequired":true,"valueName":"search_term_string"}}],"inLanguage":"es"}]}},"_links":{"self":[{"href":"https:\/\/lubaq.com\/es\/wp-json\/wp\/v2\/pages\/230372","targetHints":{"allow":["GET"]}}],"collection":[{"href":"https:\/\/lubaq.com\/es\/wp-json\/wp\/v2\/pages"}],"about":[{"href":"https:\/\/lubaq.com\/es\/wp-json\/wp\/v2\/types\/page"}],"author":[{"embeddable":true,"href":"https:\/\/lubaq.com\/es\/wp-json\/wp\/v2\/users\/2"}],"replies":[{"embeddable":true,"href":"https:\/\/lubaq.com\/es\/wp-json\/wp\/v2\/comments?post=230372"}],"version-history":[{"count":7,"href":"https:\/\/lubaq.com\/es\/wp-json\/wp\/v2\/pages\/230372\/revisions"}],"predecessor-version":[{"id":230545,"href":"https:\/\/lubaq.com\/es\/wp-json\/wp\/v2\/pages\/230372\/revisions\/230545"}],"wp:attachment":[{"href":"https:\/\/lubaq.com\/es\/wp-json\/wp\/v2\/media?parent=230372"}],"curies":[{"name":"wp","href":"https:\/\/api.w.org\/{rel}","templated":true}]}}